
{"id":54217,"date":"2025-10-20T10:24:22","date_gmt":"2025-10-20T08:24:22","guid":{"rendered":"https:\/\/aclboutiquelegal.com\/politique-relative-aux-cookies\/"},"modified":"2026-01-09T16:20:44","modified_gmt":"2026-01-09T15:20:44","slug":"politique-relative-aux-cookies","status":"publish","type":"page","link":"https:\/\/aclboutiquelegal.com\/fr\/politique-relative-aux-cookies\/","title":{"rendered":"Politique relative aux cookies"},"content":{"rendered":"\t\t<div data-elementor-type=\"wp-page\" data-elementor-id=\"54217\" class=\"elementor elementor-54217 elementor-52398\" data-elementor-post-type=\"page\">\n\t\t\t\t<div class=\"elementor-element elementor-element-63f069f1 e-flex e-con-boxed e-con e-parent\" data-id=\"63f069f1\" data-element_type=\"container\" data-e-type=\"container\">\n\t\t\t\t\t<div class=\"e-con-inner\">\n\t\t\t\t\t<\/div>\n\t\t\t\t<\/div>\n\t\t<div class=\"elementor-element elementor-element-38fb354 e-flex e-con-boxed e-con e-parent\" data-id=\"38fb354\" data-element_type=\"container\" data-e-type=\"container\">\n\t\t\t\t\t<div class=\"e-con-inner\">\n\t\t\t\t<div class=\"elementor-element elementor-element-649295c elementor-widget elementor-widget-text-editor\" data-id=\"649295c\" data-element_type=\"widget\" data-e-type=\"widget\" data-widget_type=\"text-editor.default\">\n\t\t\t\t\t\t\t\t\t<p><strong>Derni\u00e8re mise \u00e0 jour : 08\/12\/2025<\/strong><\/p><ol><li><b> Que sont les cookies ?<\/b><span style=\"color: #333333;\"><b><br><\/b><\/span>Ce site web, propri\u00e9t\u00e9 d&#8217;ANA CASTA\u00d1O L\u00d3PEZ, exer\u00e7ant sous le nom commercial ACL BOUTIQUE LEGAL (ci-apr\u00e8s d\u00e9nomm\u00e9e \u00ab la Propri\u00e9taire \u00bb), utilise des cookies et\/ou des technologies similaires permettant de stocker et de r\u00e9cup\u00e9rer des informations lors de votre navigation. Un cookie est un petit fichier texte enregistr\u00e9 dans votre navigateur lorsque vous consultez la plupart des sites web.  <\/li><\/ol><p>De mani\u00e8re g\u00e9n\u00e9rale, ces technologies peuvent servir \u00e0 de nombreuses fins, comme vous reconna\u00eetre en tant qu&#8217;utilisateur, obtenir des informations sur vos habitudes de navigation ou personnaliser l&#8217;affichage du contenu. Les utilisations sp\u00e9cifiques que nous faisons de ces technologies sont d\u00e9crites ci-dessous. <br><br><\/p><ol start=\"2\"><li><b> Information et obtention du consentement<\/b><span style=\"color: #333333;\"><b><br><\/b><\/span>Lors de votre premi\u00e8re visite sur notre site web, une banni\u00e8re d&#8217;information relative \u00e0 l&#8217;utilisation des cookies s&#8217;affichera, vous permettant de g\u00e9rer vos pr\u00e9f\u00e9rences. L&#8217;information est pr\u00e9sent\u00e9e en deux parties : <\/li><\/ol><ul><li><strong>Premi\u00e8re couche (Banni\u00e8re d&#8217;information)<\/strong>: Fournit les informations essentielles concernant l&#8217;existence de cookies, en pr\u00e9cisant s&#8217;il s&#8217;agit de cookies internes ou tiers, leurs finalit\u00e9s et en proposant un lien vers la pr\u00e9sente politique. Elle comprendra des boutons clairement visibles pour : <ul><li><strong>Accepter tout<\/strong>: Pour consentir \u00e0 l\u2019utilisation de tous les cookies.<\/li><li><strong>Tout refuser<\/strong>: Pour refuser tous les cookies non essentiels.<\/li><li><strong>Configurer<\/strong>: Pour acc\u00e9der \u00e0 un panneau vous permettant de s\u00e9lectionner pr\u00e9cis\u00e9ment les cookies que vous autorisez.<\/li><\/ul><\/li><li><strong>Deuxi\u00e8me couche (Cette politique relative aux cookies)<\/strong>: Fournit des informations d\u00e9taill\u00e9es sur ce que sont les cookies, les types que nous utilisons, leur finalit\u00e9, leur dur\u00e9e de vie et comment les g\u00e9rer.<\/li><\/ul><p>L\u2019utilisation des cookies strictement n\u00e9cessaires (techniques) ne requiert pas votre consentement. Pour tous les autres, nous vous demanderons votre consentement explicite avant leur installation. <br><br><\/p><ol start=\"3\"><li> <b><b>Types de cookies utilis\u00e9s par ce site web<br>Ce site web utilise les types de cookies suivants :<br><\/b><\/b><\/li><\/ol><ul><li><strong>Cookies techniques ou n\u00e9cessaires<\/strong>: indispensables au bon fonctionnement du site web, ils permettent la navigation sur le portail et l\u2019utilisation de ses diff\u00e9rentes options et services, comme le contr\u00f4le du trafic et des \u00e9changes de donn\u00e9es ou l\u2019identification de la session. Ces cookies sont exempt\u00e9s de l\u2019obligation d\u2019obtenir un consentement.  <\/li><li><strong>Cookies de pr\u00e9f\u00e9rence ou de personnalisation<\/strong>: ceux-ci nous permettent de m\u00e9moriser des informations afin que vous puissiez acc\u00e9der au service avec certaines caract\u00e9ristiques susceptibles de diff\u00e9rencier votre exp\u00e9rience de celle des autres utilisateurs, comme la langue.<\/li><li><strong>Cookies analytiques ou de mesure<\/strong>: Ces cookies, trait\u00e9s par nous ou par des tiers, nous permettent de quantifier le nombre d\u2019utilisateurs et ainsi d\u2019effectuer une analyse statistique de leur utilisation du service propos\u00e9. \u00c0 cette fin, votre activit\u00e9 de navigation sur notre site web est analys\u00e9e afin d\u2019am\u00e9liorer les produits ou services que nous vous proposons. <\/li><li><strong>Cookies de publicit\u00e9 comportementale<\/strong>: il s\u2019agit de cookies qui, trait\u00e9s par nous ou par des tiers, stockent des informations sur le comportement des utilisateurs obtenues gr\u00e2ce \u00e0 l\u2019observation continue de leurs habitudes de navigation, ce qui permet d\u2019\u00e9tablir un profil sp\u00e9cifique pour afficher des publicit\u00e9s cibl\u00e9es.<br><br><\/li><\/ul><ol start=\"4\"><li><b> Cookies tiers et transferts internationaux<\/b><span style=\"color: #333333;\"><b><br><\/b><\/span>Ce site web peut utiliser des services tiers (tels que Google Analytics) qui collectent des informations \u00e0 des fins statistiques. Ces tiers peuvent installer leurs propres cookies, sur lesquels nous n&#8217;avons aucun contr\u00f4le. <\/li><\/ol><p>L\u2019utilisation de certains de ces cookies peut impliquer le transfert de donn\u00e9es vers des pays tiers. Vous trouverez des informations sur les transferts effectu\u00e9s par les tiers mentionn\u00e9s dans la pr\u00e9sente politique dans leurs politiques respectives (voir les liens fournis dans la section de chaque fournisseur). <br><br><\/p><ol start=\"5\"><li><b> Comment g\u00e9rer, d\u00e9sactiver et r\u00e9voquer le consentement ?<\/b><span style=\"color: #333333;\"><b><br><\/b><\/span>Vous pouvez g\u00e9rer vos pr\u00e9f\u00e9rences en mati\u00e8re de cookies \u00e0 tout moment. Vous avez le droit de retirer votre consentement \u00e0 tout moment. <\/li><\/ol><ol><li><strong>Via le panneau de configuration<\/strong>: Vous pouvez acc\u00e9der \u00e0 nouveau au panneau de configuration des cookies via le lien permanent que vous trouverez en bas de page de notre site web pour modifier vos pr\u00e9f\u00e9rences.<\/li><li><strong>A trav\u00e9s de la configuraci\u00f3n de tu navegador:<\/strong> La mayor\u00eda de los navegadores web permiten gestionar las preferencias de cookies. Puedes ajustar tu navegador para que rechace cookies o elimine determinadas cookies. A continuaci\u00f3n, te facilitamos los enlaces a las gu\u00edas de los principales navegadores:  <ul><li><strong>Google Chrome:<\/strong> <a href=\"https:\/\/support.google.com\/chrome\/answer\/95647\">https:\/\/support.google.com\/chrome\/answer\/95647<\/a><\/li><li><strong>Mozilla Firefox:<\/strong> <a href=\"https:\/\/support.mozilla.org\/es\/kb\/habilitar-y-deshabilitar-cookies-sitios-web-rastrear-preferencias\">https:\/\/support.mozilla.org\/es\/kb\/habilitar-y-deshabilitar-cookies-sitios-web-rastrear-preferencias<\/a><\/li><li><strong>Microsoft Edge:<\/strong> <a href=\"https:\/\/support.microsoft.com\/es-es\/windows\/eliminar-y-administrar-cookies-168dab11-0753-043d-7c16-ede5947fc64d\">https:\/\/support.microsoft.com\/es-es\/windows\/eliminar-y-administrar-cookies-168dab11-0753-043d-7c16-ede5947fc64d<\/a><\/li><li><strong>Safari (macOS):<\/strong> <a href=\"https:\/\/support.apple.com\/es-es\/guide\/safari\/sfri11471\/mac\">https:\/\/support.apple.com\/es-es\/guide\/safari\/sfri11471\/mac<\/a><\/li><\/ul><\/li><\/ol><p>Veuillez noter que si vous choisissez de bloquer tous les cookies (y compris les cookies techniques), certaines parties de notre site Web pourraient ne pas fonctionner correctement.<br><br><\/p><ol start=\"6\"><li><b> Modifications de la politique relative aux cookies<\/b><span style=\"color: #333333;\"><b><br><\/b><\/span>Le propri\u00e9taire se r\u00e9serve le droit de modifier la pr\u00e9sente politique relative aux cookies afin de l&#8217;adapter \u00e0 la l\u00e9gislation ou \u00e0 la jurisprudence en vigueur. En cas de modifications importantes, les utilisateurs seront inform\u00e9s par une notification sur le site web ou par courriel afin de pouvoir prendre connaissance des changements avant de poursuivre leur navigation. <br><br><\/li><\/ol><ol start=\"7\"><li> <strong>Contact<\/strong><br>Pour toute question concernant cette politique relative aux cookies, vous pouvez nous contacter en utilisant les coordonn\u00e9es fournies dans les m<a href=\"https:\/\/aclboutiquelegal.com\/fr\/avis-juridique\/\">entions l\u00e9gales<\/a> et la <a href=\"https:\/\/aclboutiquelegal.com\/fr\/politique-de-confidentialite\/\">politique de confidentialit\u00e9<\/a>.<\/li><\/ol>\t\t\t\t\t\t\t\t<\/div>\n\t\t\t\t\t<\/div>\n\t\t\t\t<\/div>\n\t\t\t\t<\/div>\n\t\t","protected":false},"excerpt":{"rendered":"<p>Derni\u00e8re mise \u00e0 jour : 08\/12\/2025 Que sont les cookies ?Ce site web, propri\u00e9t\u00e9 d&#8217;ANA CASTA\u00d1O L\u00d3PEZ, exer\u00e7ant sous le&#8230;<\/p>\n","protected":false},"author":1,"featured_media":0,"parent":0,"menu_order":0,"comment_status":"closed","ping_status":"closed","template":"","meta":{"_joinchat":[],"footnotes":""},"class_list":["post-54217","page","type-page","status-publish","hentry"],"yoast_head":"<!-- This site is optimized with the Yoast SEO plugin v27.3 - https:\/\/yoast.com\/product\/yoast-seo-wordpress\/ -->\n<title>Politique relative aux cookies - ACL BOUTIQUE LEGAL<\/title>\n<meta name=\"robots\" content=\"noindex, follow\" \/>\n<meta property=\"og:locale\" content=\"fr_FR\" \/>\n<meta property=\"og:type\" content=\"article\" \/>\n<meta property=\"og:title\" content=\"Politique relative aux cookies - ACL BOUTIQUE LEGAL\" \/>\n<meta property=\"og:description\" content=\"Derni\u00e8re mise \u00e0 jour : 08\/12\/2025 Que sont les cookies ?Ce site web, propri\u00e9t\u00e9 d&#8217;ANA CASTA\u00d1O L\u00d3PEZ, exer\u00e7ant sous le...\" \/>\n<meta property=\"og:url\" content=\"https:\/\/aclboutiquelegal.com\/fr\/politique-relative-aux-cookies\/\" \/>\n<meta property=\"og:site_name\" content=\"ACL BOUTIQUE LEGAL\" \/>\n<meta property=\"article:modified_time\" content=\"2026-01-09T15:20:44+00:00\" \/>\n<meta name=\"twitter:card\" content=\"summary_large_image\" \/>\n<meta name=\"twitter:label1\" content=\"Dur\u00e9e de lecture estim\u00e9e\" \/>\n\t<meta name=\"twitter:data1\" content=\"5 minutes\" \/>\n<script type=\"application\/ld+json\" class=\"yoast-schema-graph\">{\"@context\":\"https:\\\/\\\/schema.org\",\"@graph\":[{\"@type\":\"WebPage\",\"@id\":\"https:\\\/\\\/aclboutiquelegal.com\\\/fr\\\/politique-relative-aux-cookies\\\/\",\"url\":\"https:\\\/\\\/aclboutiquelegal.com\\\/fr\\\/politique-relative-aux-cookies\\\/\",\"name\":\"Politique relative aux cookies - ACL BOUTIQUE LEGAL\",\"isPartOf\":{\"@id\":\"https:\\\/\\\/aclboutiquelegal.com\\\/fr\\\/#website\"},\"datePublished\":\"2025-10-20T08:24:22+00:00\",\"dateModified\":\"2026-01-09T15:20:44+00:00\",\"breadcrumb\":{\"@id\":\"https:\\\/\\\/aclboutiquelegal.com\\\/fr\\\/politique-relative-aux-cookies\\\/#breadcrumb\"},\"inLanguage\":\"fr-FR\",\"potentialAction\":[{\"@type\":\"ReadAction\",\"target\":[\"https:\\\/\\\/aclboutiquelegal.com\\\/fr\\\/politique-relative-aux-cookies\\\/\"]}]},{\"@type\":\"BreadcrumbList\",\"@id\":\"https:\\\/\\\/aclboutiquelegal.com\\\/fr\\\/politique-relative-aux-cookies\\\/#breadcrumb\",\"itemListElement\":[{\"@type\":\"ListItem\",\"position\":1,\"name\":\"Portada\",\"item\":\"https:\\\/\\\/aclboutiquelegal.com\\\/fr\\\/home\\\/\"},{\"@type\":\"ListItem\",\"position\":2,\"name\":\"Politique relative aux cookies\"}]},{\"@type\":\"WebSite\",\"@id\":\"https:\\\/\\\/aclboutiquelegal.com\\\/fr\\\/#website\",\"url\":\"https:\\\/\\\/aclboutiquelegal.com\\\/fr\\\/\",\"name\":\"ACL BOUTIQUE LEGAL\",\"description\":\"\",\"potentialAction\":[{\"@type\":\"SearchAction\",\"target\":{\"@type\":\"EntryPoint\",\"urlTemplate\":\"https:\\\/\\\/aclboutiquelegal.com\\\/fr\\\/?s={search_term_string}\"},\"query-input\":{\"@type\":\"PropertyValueSpecification\",\"valueRequired\":true,\"valueName\":\"search_term_string\"}}],\"inLanguage\":\"fr-FR\"}]}<\/script>\n<!-- \/ Yoast SEO plugin. -->","yoast_head_json":{"title":"Politique relative aux cookies - ACL BOUTIQUE LEGAL","robots":{"index":"noindex","follow":"follow"},"og_locale":"fr_FR","og_type":"article","og_title":"Politique relative aux cookies - ACL BOUTIQUE LEGAL","og_description":"Derni\u00e8re mise \u00e0 jour : 08\/12\/2025 Que sont les cookies ?Ce site web, propri\u00e9t\u00e9 d&#8217;ANA CASTA\u00d1O L\u00d3PEZ, exer\u00e7ant sous le...","og_url":"https:\/\/aclboutiquelegal.com\/fr\/politique-relative-aux-cookies\/","og_site_name":"ACL BOUTIQUE LEGAL","article_modified_time":"2026-01-09T15:20:44+00:00","twitter_card":"summary_large_image","twitter_misc":{"Dur\u00e9e de lecture estim\u00e9e":"5 minutes"},"schema":{"@context":"https:\/\/schema.org","@graph":[{"@type":"WebPage","@id":"https:\/\/aclboutiquelegal.com\/fr\/politique-relative-aux-cookies\/","url":"https:\/\/aclboutiquelegal.com\/fr\/politique-relative-aux-cookies\/","name":"Politique relative aux cookies - ACL BOUTIQUE LEGAL","isPartOf":{"@id":"https:\/\/aclboutiquelegal.com\/fr\/#website"},"datePublished":"2025-10-20T08:24:22+00:00","dateModified":"2026-01-09T15:20:44+00:00","breadcrumb":{"@id":"https:\/\/aclboutiquelegal.com\/fr\/politique-relative-aux-cookies\/#breadcrumb"},"inLanguage":"fr-FR","potentialAction":[{"@type":"ReadAction","target":["https:\/\/aclboutiquelegal.com\/fr\/politique-relative-aux-cookies\/"]}]},{"@type":"BreadcrumbList","@id":"https:\/\/aclboutiquelegal.com\/fr\/politique-relative-aux-cookies\/#breadcrumb","itemListElement":[{"@type":"ListItem","position":1,"name":"Portada","item":"https:\/\/aclboutiquelegal.com\/fr\/home\/"},{"@type":"ListItem","position":2,"name":"Politique relative aux cookies"}]},{"@type":"WebSite","@id":"https:\/\/aclboutiquelegal.com\/fr\/#website","url":"https:\/\/aclboutiquelegal.com\/fr\/","name":"ACL BOUTIQUE LEGAL","description":"","potentialAction":[{"@type":"SearchAction","target":{"@type":"EntryPoint","urlTemplate":"https:\/\/aclboutiquelegal.com\/fr\/?s={search_term_string}"},"query-input":{"@type":"PropertyValueSpecification","valueRequired":true,"valueName":"search_term_string"}}],"inLanguage":"fr-FR"}]}},"_links":{"self":[{"href":"https:\/\/aclboutiquelegal.com\/fr\/wp-json\/wp\/v2\/pages\/54217","targetHints":{"allow":["GET"]}}],"collection":[{"href":"https:\/\/aclboutiquelegal.com\/fr\/wp-json\/wp\/v2\/pages"}],"about":[{"href":"https:\/\/aclboutiquelegal.com\/fr\/wp-json\/wp\/v2\/types\/page"}],"author":[{"embeddable":true,"href":"https:\/\/aclboutiquelegal.com\/fr\/wp-json\/wp\/v2\/users\/1"}],"replies":[{"embeddable":true,"href":"https:\/\/aclboutiquelegal.com\/fr\/wp-json\/wp\/v2\/comments?post=54217"}],"version-history":[{"count":2,"href":"https:\/\/aclboutiquelegal.com\/fr\/wp-json\/wp\/v2\/pages\/54217\/revisions"}],"predecessor-version":[{"id":54285,"href":"https:\/\/aclboutiquelegal.com\/fr\/wp-json\/wp\/v2\/pages\/54217\/revisions\/54285"}],"wp:attachment":[{"href":"https:\/\/aclboutiquelegal.com\/fr\/wp-json\/wp\/v2\/media?parent=54217"}],"curies":[{"name":"wp","href":"https:\/\/api.w.org\/{rel}","templated":true}]}}