
{"id":53850,"date":"2025-10-14T16:28:00","date_gmt":"2025-10-14T14:28:00","guid":{"rendered":"https:\/\/aclboutiquelegal.com\/politique-de-confidentialite\/"},"modified":"2026-01-09T16:22:05","modified_gmt":"2026-01-09T15:22:05","slug":"politique-de-confidentialite","status":"publish","type":"page","link":"https:\/\/aclboutiquelegal.com\/fr\/politique-de-confidentialite\/","title":{"rendered":"Politique de confidentialit\u00e9"},"content":{"rendered":"\t\t<div data-elementor-type=\"wp-page\" data-elementor-id=\"53850\" class=\"elementor elementor-53850 elementor-3\" data-elementor-post-type=\"page\">\n\t\t\t\t<div class=\"elementor-element elementor-element-63f069f1 e-flex e-con-boxed e-con e-parent\" data-id=\"63f069f1\" data-element_type=\"container\" data-e-type=\"container\">\n\t\t\t\t\t<div class=\"e-con-inner\">\n\t\t\t\t\t<\/div>\n\t\t\t\t<\/div>\n\t\t<div class=\"elementor-element elementor-element-64b24aa e-flex e-con-boxed e-con e-parent\" data-id=\"64b24aa\" data-element_type=\"container\" data-e-type=\"container\">\n\t\t\t\t\t<div class=\"e-con-inner\">\n\t\t\t\t<div class=\"elementor-element elementor-element-e3177b0 elementor-widget elementor-widget-text-editor\" data-id=\"e3177b0\" data-element_type=\"widget\" data-e-type=\"widget\" data-widget_type=\"text-editor.default\">\n\t\t\t\t\t\t\t\t\t<p><strong>Derni\u00e8re mise \u00e0 jour: 8\/12\/2025<\/strong><\/p><p><strong>Introduction<\/strong><\/p><p>Bienvenue sur le site web aclboutiquelegal.com. Le respect de votre vie priv\u00e9e est primordial pour nous. Par la pr\u00e9sente Politique de confidentialit\u00e9, nous vous informons de mani\u00e8re claire et transparente sur les donn\u00e9es personnelles que nous collectons, la mani\u00e8re dont nous les traitons et vos droits, conform\u00e9ment au R\u00e8glement (UE) 2016\/679 (RGPD) et \u00e0 la Loi organique 3\/2018 (LOPDGDD).  <\/p><p>L\u2019acc\u00e8s \u00e0 ce site Web et son utilisation impliquent l\u2019acceptation pleine et enti\u00e8re de la pr\u00e9sente politique.<br><br><\/p><ol><li><strong> Responsable du traitement des donn\u00e9es<\/strong><\/li><\/ol><p>La personne responsable du traitement de vos donn\u00e9es personnelles est :<br>Responsable du traitement : Ana Casta\u00f1o L\u00f3pez.<br>Num\u00e9ro d\u2019identification fiscale : 70880930J.<br>Raison sociale : ACL Boutique Legal.<br>Adresse professionnelle : Calle Tenor Vi\u00f1as, 4-6, 3\u00ba-2\u00aa. 08021. Barcelona. <br>E-mail: <br><a href=\"mailto:info@t4o.d12.myftpupload.com\">info@t4o.d12.myftpupload.com<\/a>.<br>T\u00e9l\u00e9phone: 9<a href=\"tel:931%20820%20179\">31 820 179<\/a>\/ 671 377 204. <br>Informations sur l&#8217;Ordre des avocats : Membre n\u00b0 2 971 de l&#8217;ICASBD.<br>Dipl\u00f4me : Licence en droit de l&#8217;Universit\u00e9 de Salamanque.<br>R\u00e8glements professionnels applicables : L&#8217;activit\u00e9 professionnelle est r\u00e9gie par le Statut g\u00e9n\u00e9ral de la profession d&#8217;avocat en Espagne et le Code de d\u00e9ontologie des avocats.<br><br><\/p><ol start=\"2\"><li><strong> Principes applicables au traitement des donn\u00e9es<\/strong><\/li><\/ol><p>Dans le cadre du traitement de vos donn\u00e9es personnelles, nous appliquerons les principes suivants, conform\u00e9ment aux exigences du RGPD :<\/p><ul><li><strong>L\u00e9galit\u00e9, \u00e9quit\u00e9 et transparence<\/strong>: nous aurons toujours besoin de votre consentement pour traiter vos donn\u00e9es \u00e0 une ou plusieurs fins sp\u00e9cifiques, dont nous vous informerons au pr\u00e9alable en toute transparence.<\/li><li><strong>Minimisation des donn\u00e9es<\/strong>: Nous ne demanderons que les donn\u00e9es strictement n\u00e9cessaires aux fins pour lesquelles nous les demandons.<\/li><li><strong>Limitation de la dur\u00e9e de conservation<\/strong>: les donn\u00e9es ne seront conserv\u00e9es que pendant la dur\u00e9e n\u00e9cessaire aux fins du traitement.<\/li><li><strong>Int\u00e9grit\u00e9 et confidentialit\u00e9<\/strong>: Vos donn\u00e9es seront trait\u00e9es de mani\u00e8re \u00e0 garantir une s\u00e9curit\u00e9 ad\u00e9quate et leur confidentialit\u00e9, conform\u00e9ment aux dispositions de la loi et de la r\u00e9glementation en vigueur. <a href=\"https:\/\/boe.es\/buscar\/act.php?id=BOE-A-2018-16673#a5\">Article 5. Obligation de confidentialit\u00e9.<\/a><br><br><\/li><\/ul><ol start=\"3\"><li><strong> Finalit\u00e9 du traitement des donn\u00e9es personnelles<\/strong><\/li><\/ol><p>Nous collectons et traitons vos donn\u00e9es personnelles aux fins suivantes :<\/p><ol><li><strong>Formulaire de contact:<\/strong><ul><li><strong>Donn\u00e9es collect\u00e9es:<\/strong> nom, adresse e-mail, num\u00e9ro de t\u00e9l\u00e9phone (facultatif) et contenu de votre message.<\/li><li><strong>Finalidad:<\/strong> Gestionar y responder a las consultas, solicitudes de informaci\u00f3n o peticiones que realices a trav\u00e9s del formulario de contacto.<\/li><\/ul><\/li><li><strong>Abonnement \u00e0 la newsletter:<\/strong><ul><li><strong>Donn\u00e9es collect\u00e9es<\/strong>: Adresse e-mail.<\/li><li><strong>Objectif<\/strong>: Vous envoyer des communications p\u00e9riodiques, des actualit\u00e9s juridiques, des articles de blog et des publicit\u00e9s concernant nos services, sous r\u00e9serve de votre consentement explicite.<\/li><\/ul><\/li><li><strong>Gestion des relations professionnelles:<\/strong><ul><li><strong>Donn\u00e9es collect\u00e9es<\/strong>: Donn\u00e9es d\u2019identification, de contact et financi\u00e8res n\u00e9cessaires \u00e0 la fourniture du service.<\/li><li><strong>Objectif<\/strong>: G\u00e9rer la relation pr\u00e9contractuelle et\/ou contractuelle si vous sollicitez nos services juridiques, y compris l&#8217;\u00e9tablissement des devis, la fourniture de conseils juridiques et la facturation correspondante.<\/li><\/ul><\/li><li><strong>Donn\u00e9es de navigation (cookies):<\/strong><ul><li><strong>Objectif<\/strong>: Am\u00e9liorer votre exp\u00e9rience utilisateur, analyser le trafic du site web et assurer son bon fonctionnement. Pour plus d\u2019informations, veuillez consulter notre Politique relative aux cookies. <br><br><\/li><\/ul><\/li><\/ol><ol start=\"4\"><li><strong> Base juridique du traitement<\/strong><\/li><\/ol><p>Le traitement de vos donn\u00e9es repose sur les fondements juridiques suivants :<\/p><ul><li><strong>Consentement de la personne concern\u00e9e (art. 6.1.a RGPD)<\/strong>: Pour r\u00e9pondre \u00e0 vos demandes via le formulaire de contact et vous envoyer notre newsletter. Vous pouvez retirer votre consentement \u00e0 tout moment. <\/li><li><strong>Application de mesures pr\u00e9contractuelles ou ex\u00e9cution d&#8217;un contrat (art. 6.1.b RGPD)<\/strong>: Pour la gestion des services juridiques que vous nous demandez.<\/li><li><strong>Respect d\u2019une obligation l\u00e9gale (art. 6.1.c RGPD)<\/strong>: Se conformer aux obligations fiscales, fiscales et autres obligations l\u00e9gales.<\/li><li><strong>Int\u00e9r\u00eat l\u00e9gitime (art. 6.1.f RGPD)<\/strong>: Maintenir des relations professionnelles, fond\u00e9es sur <a href=\"https:\/\/boe.es\/buscar\/act.php?id=BOE-A-2018-16673#a1-11\">Article 19. Traitement des donn\u00e9es de contact des entrepreneurs individuels et des professionnels lib\u00e9raux.<\/a><br><br><\/li><\/ul><ol start=\"5\"><li><strong> P\u00e9riode de conservation des donn\u00e9es<\/strong><\/li><\/ol><p>Nous ne conserverons vos donn\u00e9es personnelles que pendant la dur\u00e9e n\u00e9cessaire \u00e0 la r\u00e9alisation de la finalit\u00e9 pour laquelle elles ont \u00e9t\u00e9 collect\u00e9es:<\/p><ul><li>Les donn\u00e9es de <strong>requ\u00eate<\/strong> seront conserv\u00e9es jusqu&#8217;\u00e0 la r\u00e9solution finale des requ\u00eates.<\/li><li>Les donn\u00e9es <strong>clients<\/strong> seront conserv\u00e9es pendant toute la dur\u00e9e de la relation professionnelle et, une fois celle-ci termin\u00e9e, pendant les d\u00e9lais l\u00e9gaux de prescription (fiscaux, civils, etc.).<\/li><li>Les donn\u00e9es utilis\u00e9es pour l&#8217;envoi de communications commerciales seront conserv\u00e9es jusqu&#8217;\u00e0 ce que vous retiriez votre consentement.<br><br><\/li><\/ul><ol start=\"6\"><li><strong> Destinataires des donn\u00e9es<\/strong><\/li><\/ol><p>Nous ne partagerons pas vos donn\u00e9es personnelles avec des tiers, sauf obligation l\u00e9gale (par exemple, avec l&#8217;administration fiscale ou les tribunaux).<\/p><p>Toutefois, pour assurer le bon fonctionnement du service, des prestataires tiers (sous-traitants de donn\u00e9es) peuvent avoir besoin d\u2019acc\u00e9der \u00e0 vos donn\u00e9es, par exemple :<\/p><ul><li>Fournisseurs d&#8217;h\u00e9bergement web.<\/li><li>Conseils fiscaux et comptables.<\/li><li>Plateformes de marketing par e-mail.<\/li><\/ul><p>Ils ont tous sign\u00e9 les accords de traitement des donn\u00e9es correspondants, garantissant ainsi le respect de la r\u00e9glementation.<br><br><\/p><ol start=\"7\"><li><strong> Droits des parties int\u00e9ress\u00e9es<\/strong><\/li><\/ol><p>Vous pouvez exercer les droits suivants \u00e0 tout moment:<\/p><ul><li><strong>Acc\u00e8s<\/strong>: Demandez quelles donn\u00e9es personnelles nous d\u00e9tenons vous concernant.<\/li><li><strong>Rectification<\/strong>: Demande de correction de donn\u00e9es inexactes.<\/li><li><strong>Suppression<\/strong>: Vous pouvez demander la suppression de vos donn\u00e9es lorsque, entre autres raisons, elles ne sont plus n\u00e9cessaires aux fins pour lesquelles elles ont \u00e9t\u00e9 collect\u00e9es.<\/li><li><strong>Objection:<\/strong> Pour vous opposer au traitement de vos donn\u00e9es.<\/li><li><strong>Limitation du traitemen<\/strong>t: Vous pouvez demander la limitation du traitement de vos donn\u00e9es dans certaines circonstances.<\/li><li><strong>Portabilit\u00e9<\/strong>: Recevoir vos donn\u00e9es personnelles dans un format structur\u00e9, couramment utilis\u00e9 et lisible par machine.<\/li><\/ul><p>Pour exercer ces droits, vous pouvez envoyer une demande par courriel \u00e0 <a href=\"mailto:info@t4o.d12.myftpupload.com\">info@t4o.d12.myftpupload.com<\/a> en indiquant vos nom et pr\u00e9nom et en joignant une photocopie de votre carte d&#8217;identit\u00e9 ou d&#8217;un document \u00e9quivalent.<br><br><\/p><ol start=\"8\"><li><strong> Mesures de s\u00e9curit\u00e9<\/strong><\/li><\/ol><p>J&#8217;ai adopt\u00e9 toutes les mesures techniques et organisationnelles n\u00e9cessaires pour garantir la s\u00e9curit\u00e9 et l&#8217;int\u00e9grit\u00e9 des donn\u00e9es personnelles que je traite, et pour emp\u00eacher leur perte, leur alt\u00e9ration et\/ou leur acc\u00e8s par des tiers non autoris\u00e9s.<br><br><\/p><ol start=\"9\"><li><strong> Modifications apport\u00e9es \u00e0 la politique de confidentialit\u00e9<\/strong><\/li><\/ol><p>Je me r\u00e9serve le droit de modifier la pr\u00e9sente politique afin de l&#8217;adapter \u00e0 la l\u00e9gislation ou \u00e0 la jurisprudence en vigueur. Toute modification sera d\u00fbment publi\u00e9e sur ce site web. Les utilisateurs seront inform\u00e9s de tout changement substantiel affectant les finalit\u00e9s du traitement des donn\u00e9es ou leurs droits.  <br><br><\/p><ol start=\"10\"><li><strong> Plaintes aupr\u00e8s de l&#8217;autorit\u00e9 de surveillance<\/strong><\/li><\/ol><p>Si vous estimez que le traitement de vos donn\u00e9es personnelles enfreint la r\u00e9glementation, vous avez le droit de d\u00e9poser une plainte aupr\u00e8s de l&#8217;autorit\u00e9 de contr\u00f4le comp\u00e9tente, en l&#8217;occurrence l&#8217;Agence espagnole de protection des donn\u00e9es (AEPD), via son si\u00e8ge \u00e9lectronique ou \u00e0 son adresse.<\/p>\t\t\t\t\t\t\t\t<\/div>\n\t\t\t\t\t<\/div>\n\t\t\t\t<\/div>\n\t\t\t\t<\/div>\n\t\t","protected":false},"excerpt":{"rendered":"<p>Derni\u00e8re mise \u00e0 jour: 8\/12\/2025 Introduction Bienvenue sur le site web aclboutiquelegal.com. Le respect de votre vie priv\u00e9e est primordial&#8230;<\/p>\n","protected":false},"author":1,"featured_media":0,"parent":0,"menu_order":0,"comment_status":"closed","ping_status":"closed","template":"","meta":{"_joinchat":[],"footnotes":""},"class_list":["post-53850","page","type-page","status-publish","hentry"],"yoast_head":"<!-- This site is optimized with the Yoast SEO plugin v27.3 - https:\/\/yoast.com\/product\/yoast-seo-wordpress\/ -->\n<title>Politique de confidentialit\u00e9 - ACL BOUTIQUE LEGAL<\/title>\n<meta name=\"robots\" content=\"noindex, follow\" \/>\n<meta property=\"og:locale\" content=\"fr_FR\" \/>\n<meta property=\"og:type\" content=\"article\" \/>\n<meta property=\"og:title\" content=\"Politique de confidentialit\u00e9 - ACL BOUTIQUE LEGAL\" \/>\n<meta property=\"og:description\" content=\"Derni\u00e8re mise \u00e0 jour: 8\/12\/2025 Introduction Bienvenue sur le site web aclboutiquelegal.com. Le respect de votre vie priv\u00e9e est primordial...\" \/>\n<meta property=\"og:url\" content=\"https:\/\/aclboutiquelegal.com\/fr\/politique-de-confidentialite\/\" \/>\n<meta property=\"og:site_name\" content=\"ACL BOUTIQUE LEGAL\" \/>\n<meta property=\"article:modified_time\" content=\"2026-01-09T15:22:05+00:00\" \/>\n<meta name=\"twitter:card\" content=\"summary_large_image\" \/>\n<meta name=\"twitter:label1\" content=\"Dur\u00e9e de lecture estim\u00e9e\" \/>\n\t<meta name=\"twitter:data1\" content=\"6 minutes\" \/>\n<script type=\"application\/ld+json\" class=\"yoast-schema-graph\">{\"@context\":\"https:\\\/\\\/schema.org\",\"@graph\":[{\"@type\":\"WebPage\",\"@id\":\"https:\\\/\\\/aclboutiquelegal.com\\\/fr\\\/politique-de-confidentialite\\\/\",\"url\":\"https:\\\/\\\/aclboutiquelegal.com\\\/fr\\\/politique-de-confidentialite\\\/\",\"name\":\"Politique de confidentialit\u00e9 - ACL BOUTIQUE LEGAL\",\"isPartOf\":{\"@id\":\"https:\\\/\\\/aclboutiquelegal.com\\\/fr\\\/#website\"},\"datePublished\":\"2025-10-14T14:28:00+00:00\",\"dateModified\":\"2026-01-09T15:22:05+00:00\",\"breadcrumb\":{\"@id\":\"https:\\\/\\\/aclboutiquelegal.com\\\/fr\\\/politique-de-confidentialite\\\/#breadcrumb\"},\"inLanguage\":\"fr-FR\",\"potentialAction\":[{\"@type\":\"ReadAction\",\"target\":[\"https:\\\/\\\/aclboutiquelegal.com\\\/fr\\\/politique-de-confidentialite\\\/\"]}]},{\"@type\":\"BreadcrumbList\",\"@id\":\"https:\\\/\\\/aclboutiquelegal.com\\\/fr\\\/politique-de-confidentialite\\\/#breadcrumb\",\"itemListElement\":[{\"@type\":\"ListItem\",\"position\":1,\"name\":\"Portada\",\"item\":\"https:\\\/\\\/aclboutiquelegal.com\\\/fr\\\/home\\\/\"},{\"@type\":\"ListItem\",\"position\":2,\"name\":\"Politique de confidentialit\u00e9\"}]},{\"@type\":\"WebSite\",\"@id\":\"https:\\\/\\\/aclboutiquelegal.com\\\/fr\\\/#website\",\"url\":\"https:\\\/\\\/aclboutiquelegal.com\\\/fr\\\/\",\"name\":\"ACL BOUTIQUE LEGAL\",\"description\":\"\",\"potentialAction\":[{\"@type\":\"SearchAction\",\"target\":{\"@type\":\"EntryPoint\",\"urlTemplate\":\"https:\\\/\\\/aclboutiquelegal.com\\\/fr\\\/?s={search_term_string}\"},\"query-input\":{\"@type\":\"PropertyValueSpecification\",\"valueRequired\":true,\"valueName\":\"search_term_string\"}}],\"inLanguage\":\"fr-FR\"}]}<\/script>\n<!-- \/ Yoast SEO plugin. -->","yoast_head_json":{"title":"Politique de confidentialit\u00e9 - ACL BOUTIQUE LEGAL","robots":{"index":"noindex","follow":"follow"},"og_locale":"fr_FR","og_type":"article","og_title":"Politique de confidentialit\u00e9 - ACL BOUTIQUE LEGAL","og_description":"Derni\u00e8re mise \u00e0 jour: 8\/12\/2025 Introduction Bienvenue sur le site web aclboutiquelegal.com. Le respect de votre vie priv\u00e9e est primordial...","og_url":"https:\/\/aclboutiquelegal.com\/fr\/politique-de-confidentialite\/","og_site_name":"ACL BOUTIQUE LEGAL","article_modified_time":"2026-01-09T15:22:05+00:00","twitter_card":"summary_large_image","twitter_misc":{"Dur\u00e9e de lecture estim\u00e9e":"6 minutes"},"schema":{"@context":"https:\/\/schema.org","@graph":[{"@type":"WebPage","@id":"https:\/\/aclboutiquelegal.com\/fr\/politique-de-confidentialite\/","url":"https:\/\/aclboutiquelegal.com\/fr\/politique-de-confidentialite\/","name":"Politique de confidentialit\u00e9 - ACL BOUTIQUE LEGAL","isPartOf":{"@id":"https:\/\/aclboutiquelegal.com\/fr\/#website"},"datePublished":"2025-10-14T14:28:00+00:00","dateModified":"2026-01-09T15:22:05+00:00","breadcrumb":{"@id":"https:\/\/aclboutiquelegal.com\/fr\/politique-de-confidentialite\/#breadcrumb"},"inLanguage":"fr-FR","potentialAction":[{"@type":"ReadAction","target":["https:\/\/aclboutiquelegal.com\/fr\/politique-de-confidentialite\/"]}]},{"@type":"BreadcrumbList","@id":"https:\/\/aclboutiquelegal.com\/fr\/politique-de-confidentialite\/#breadcrumb","itemListElement":[{"@type":"ListItem","position":1,"name":"Portada","item":"https:\/\/aclboutiquelegal.com\/fr\/home\/"},{"@type":"ListItem","position":2,"name":"Politique de confidentialit\u00e9"}]},{"@type":"WebSite","@id":"https:\/\/aclboutiquelegal.com\/fr\/#website","url":"https:\/\/aclboutiquelegal.com\/fr\/","name":"ACL BOUTIQUE LEGAL","description":"","potentialAction":[{"@type":"SearchAction","target":{"@type":"EntryPoint","urlTemplate":"https:\/\/aclboutiquelegal.com\/fr\/?s={search_term_string}"},"query-input":{"@type":"PropertyValueSpecification","valueRequired":true,"valueName":"search_term_string"}}],"inLanguage":"fr-FR"}]}},"_links":{"self":[{"href":"https:\/\/aclboutiquelegal.com\/fr\/wp-json\/wp\/v2\/pages\/53850","targetHints":{"allow":["GET"]}}],"collection":[{"href":"https:\/\/aclboutiquelegal.com\/fr\/wp-json\/wp\/v2\/pages"}],"about":[{"href":"https:\/\/aclboutiquelegal.com\/fr\/wp-json\/wp\/v2\/types\/page"}],"author":[{"embeddable":true,"href":"https:\/\/aclboutiquelegal.com\/fr\/wp-json\/wp\/v2\/users\/1"}],"replies":[{"embeddable":true,"href":"https:\/\/aclboutiquelegal.com\/fr\/wp-json\/wp\/v2\/comments?post=53850"}],"version-history":[{"count":7,"href":"https:\/\/aclboutiquelegal.com\/fr\/wp-json\/wp\/v2\/pages\/53850\/revisions"}],"predecessor-version":[{"id":54287,"href":"https:\/\/aclboutiquelegal.com\/fr\/wp-json\/wp\/v2\/pages\/53850\/revisions\/54287"}],"wp:attachment":[{"href":"https:\/\/aclboutiquelegal.com\/fr\/wp-json\/wp\/v2\/media?parent=53850"}],"curies":[{"name":"wp","href":"https:\/\/api.w.org\/{rel}","templated":true}]}}