
{"id":53731,"date":"2025-10-20T10:24:07","date_gmt":"2025-10-20T08:24:07","guid":{"rendered":"https:\/\/aclboutiquelegal.com\/avis-juridique\/"},"modified":"2025-12-17T09:45:42","modified_gmt":"2025-12-17T08:45:42","slug":"avis-juridique","status":"publish","type":"page","link":"https:\/\/aclboutiquelegal.com\/fr\/avis-juridique\/","title":{"rendered":"Avis juridique"},"content":{"rendered":"\t\t<div data-elementor-type=\"wp-page\" data-elementor-id=\"53731\" class=\"elementor elementor-53731 elementor-52396\" data-elementor-post-type=\"page\">\n\t\t\t\t<div class=\"elementor-element elementor-element-63f069f1 e-flex e-con-boxed e-con e-parent\" data-id=\"63f069f1\" data-element_type=\"container\" data-e-type=\"container\">\n\t\t\t\t\t<div class=\"e-con-inner\">\n\t\t\t\t<div class=\"elementor-element elementor-element-36686d06 elementor-widget elementor-widget-text-editor\" data-id=\"36686d06\" data-element_type=\"widget\" data-e-type=\"widget\" data-widget_type=\"text-editor.default\">\n\t\t\t\t\t\t\t\t\t<ol><li><strong> INFORMATIONS G\u00c9N\u00c9RALES SUR LE PRESTATAIRE DE SERVICES<\/strong><\/li><\/ol><p>Conform\u00e9ment \u00e0 l&#8217;article 10 de la loi 34\/2002 du 11 juillet relative aux services de la soci\u00e9t\u00e9 de l&#8217;information et au commerce \u00e9lectronique, les informations g\u00e9n\u00e9rales suivantes concernant ce site web sont fournies :<br>Propri\u00e9taire : Ana Casta\u00f1o L\u00f3pez.<br>Num\u00e9ro d&#8217;identification fiscale : 70880930J.<br>Nom commercial : ACL Boutique Legal.<br>Adresse : Calle Tenor Vi\u00f1as, 4-6, 3e-2e \u00e9tages. 08021. Barcelone.<br>Courriel: <a href=\"mailto:info@t4o.d12.myftpupload.com\">info@t4o.d12.myftpupload.com<\/a>. <br>T\u00e9l\u00e9phone: <a href=\"tel:931820179\">931 820 179<\/a> \/ 671 377 204. <br>Datos Colegiales: Colegiada n.\u00ba 2.971 ICASBD. <br>T\u00edtulo acad\u00e9mico: licenciada en Derecho por la Universidad de Salamanca. <br>Normas profesionales aplicables: La actividad profesional se rige por el Estatuto General de la Abogac\u00eda Espa\u00f1ola y el C\u00f3digo Deontol\u00f3gico de la Abogac\u00eda.<br><br><\/p><ol start=\"2\"><li><strong> OBJET ET ACCEPTATION<\/strong><\/li><\/ol><p>Les pr\u00e9sentes mentions l\u00e9gales r\u00e9gissent l\u2019acc\u00e8s, la navigation et l\u2019utilisation du site web aclboutiquelegal.com (ci-apr\u00e8s d\u00e9nomm\u00e9 le \u00ab Site web \u00bb), ainsi que les responsabilit\u00e9s d\u00e9coulant de l\u2019utilisation de son contenu.<\/p><p>L\u2019acc\u00e8s au Portail et\/ou son utilisation conf\u00e8rent le statut d\u2019UTILISATEUR, qui accepte, d\u00e8s cet acc\u00e8s et\/ou cette utilisation, les pr\u00e9sentes Conditions G\u00e9n\u00e9rales d\u2019Utilisation.<\/p><p>Le contenu de ce portail est fourni \u00e0 titre informatif uniquement et ne constitue en aucun cas un avis juridique. L\u2019acc\u00e8s aux informations contenues sur ce portail n\u2019\u00e9tablit aucune relation avocat-client ni aucune autre relation professionnelle entre le propri\u00e9taire et l\u2019utilisateur. <br><br><\/p><ol start=\"3\"><li><strong> CONDITIONS D&#8217;ACC\u00c8S ET D&#8217;UTILISATION DU PORTAIL<\/strong><\/li><\/ol><p>L\u2019UTILISATEUR s\u2019engage \u00e0 faire un usage correct et licite du Portail et de son contenu, conform\u00e9ment \u00e0 la l\u00e9gislation applicable, aux pr\u00e9sentes mentions l\u00e9gales, \u00e0 la morale et aux bonnes m\u0153urs g\u00e9n\u00e9ralement accept\u00e9es et \u00e0 l\u2019ordre public.<\/p><p>L&#8217;UTILISATEUR doit s&#8217;abstenir de :<\/p><ul><li>Toute utilisation non autoris\u00e9e ou frauduleuse du Portail et\/ou de son contenu \u00e0 des fins ou effets illicites.<\/li><li>Introduire ou diffuser des virus informatiques ou tout autre syst\u00e8me physique ou logique susceptible d&#8217;endommager les syst\u00e8mes du propri\u00e9taire, de ses fournisseurs ou de tiers.<\/li><li>Toute reproduction, copie, distribution ou mise \u00e0 disposition du public par quelque moyen de communication publique que ce soit, ainsi que toute transformation ou modification du contenu, est interdite, sauf autorisation du titulaire des droits correspondants ou autorisation l\u00e9gale.<\/li><\/ul><p>Le propri\u00e9taire se r\u00e9serve le droit de supprimer tout commentaire ou contribution qui viole le respect de la dignit\u00e9 humaine, est discriminatoire, x\u00e9nophobe, raciste, pornographique, nuisible \u00e0 la jeunesse ou aux enfants, ou qui menace l&#8217;ordre ou la s\u00e9curit\u00e9 publics, ou qui, \u00e0 son avis, n&#8217;est pas appropri\u00e9 \u00e0 la publication.<br><br><\/p><ol start=\"4\"><li><strong> PROPRI\u00c9T\u00c9 INTELLECTUELLE ET INDUSTRIELLE<\/strong><\/li><\/ol><p>Le propri\u00e9taire d\u00e9tient tous les droits de propri\u00e9t\u00e9 intellectuelle et industrielle du Portail, ainsi que des \u00e9l\u00e9ments qui y sont contenus (y compris, mais sans s&#8217;y limiter : textes, images, logos, marques de commerce, logiciels, etc.), ou dispose de la licence correspondante de tiers.<\/p><p>Conform\u00e9ment aux dispositions de la l\u00e9gislation sur la propri\u00e9t\u00e9 intellectuelle, la reproduction, la distribution et la communication publique, y compris la mise \u00e0 disposition, de tout ou partie du contenu de ce portail \u00e0 des fins commerciales, sur quelque support et par quelque moyen technique que ce soit, sont express\u00e9ment interdites sans l&#8217;autorisation \u00e9crite expresse du propri\u00e9taire.<\/p><p><\/p><p>La consultation, l&#8217;impression et le stockage du contenu du portail sont autoris\u00e9s exclusivement pour l&#8217;usage personnel et priv\u00e9 de l&#8217;utilisateur.<br><br><\/p><ol start=\"5\"><li><strong> EXCLUSION DE GARANTIES ET DE RESPONSABILIT\u00c9<\/strong><\/li><\/ol><p>Le propri\u00e9taire n&#8217;est en aucun cas responsable des dommages de quelque nature que ce soit qui pourraient \u00eatre caus\u00e9s, y compris, mais sans s&#8217;y limiter :<\/p><ul><li>Des erreurs ou omissions dans le contenu, qui est de nature purement informative.<\/li><li>L\u2019indisponibilit\u00e9 du portail ou la transmission de virus ou de programmes malveillants dans le contenu, malgr\u00e9 la mise en \u0153uvre de toutes les mesures technologiques n\u00e9cessaires pour l\u2019emp\u00eacher.<\/li><li>Les d\u00e9cisions prises sur la base des informations fournies sur le Portail, ainsi que les dommages caus\u00e9s \u00e0 l&#8217;UTILISATEUR ou \u00e0 des tiers \u00e0 la suite d&#8217;actions fond\u00e9es uniquement sur des informations obtenues sur le Portail.<\/li><\/ul><p>Le Portail peut contenir des liens vers des sites web tiers. Le propri\u00e9taire d\u00e9cline toute responsabilit\u00e9 quant au contenu, aux informations ou aux services propos\u00e9s sur ces sites, lesquels sont fournis \u00e0 titre informatif uniquement et n&#8217;impliquent aucune relation entre le propri\u00e9taire et les personnes physiques ou morales qui en sont propri\u00e9taires. <br><br><\/p><p><\/p><ol start=\"6\"><li><strong> PROTECTION DES DONN\u00c9ES PERSONNELLES<\/strong><\/li><\/ol><p>Le traitement des donn\u00e9es personnelles susceptibles d&#8217;\u00eatre collect\u00e9es via le Portail sera r\u00e9gi par les dispositions de notre Politique de confidentialit\u00e9.<br><br><\/p><p><\/p><ol start=\"7\"><li><strong> SIGNALEMENT DES ACTIVIT\u00c9S ILL\u00c9GALES<\/strong><\/li><\/ol><p>Si un utilisateur ou un tiers estime avoir connaissance de faits ou de circonstances r\u00e9v\u00e9lant le caract\u00e8re illicite de l&#8217;utilisation de tout contenu et\/ou de toute activit\u00e9 men\u00e9e sur les pages web incluses dans le Portail ou accessibles par son interm\u00e9diaire, il doit en informer le propri\u00e9taire par courriel. <a href=\"mailto:info@t4o.d12.myftpupload.com\">info@t4o.d12.myftpupload.com<\/a> en s&#8217;identifiant correctement et en pr\u00e9cisant les violations all\u00e9gu\u00e9es.<br><br><\/p><p><\/p><ol start=\"8\"><li><strong> DROIT APPLICABLE ET JURIDICTION<\/strong><\/li><\/ol><p>Les relations entre le propri\u00e9taire et l&#8217;utilisateur seront r\u00e9gies par la l\u00e9gislation espagnole en vigueur. Pour le r\u00e8glement de tout litige \u00e9ventuel, les deux parties se soumettent express\u00e9ment \u00e0 la comp\u00e9tence des tribunaux de la ville de Barcelone, renon\u00e7ant \u00e0 toute autre juridiction. <\/p>\t\t\t\t\t\t\t\t<\/div>\n\t\t\t\t\t<\/div>\n\t\t\t\t<\/div>\n\t\t<div class=\"elementor-element elementor-element-2df87ed e-flex e-con-boxed e-con e-parent\" data-id=\"2df87ed\" data-element_type=\"container\" data-e-type=\"container\">\n\t\t\t\t\t<div class=\"e-con-inner\">\n\t\t\t\t\t<\/div>\n\t\t\t\t<\/div>\n\t\t\t\t<\/div>\n\t\t","protected":false},"excerpt":{"rendered":"<p>INFORMATIONS G\u00c9N\u00c9RALES SUR LE PRESTATAIRE DE SERVICES Conform\u00e9ment \u00e0 l&#8217;article 10 de la loi 34\/2002 du 11 juillet relative aux&#8230;<\/p>\n","protected":false},"author":1,"featured_media":0,"parent":0,"menu_order":0,"comment_status":"closed","ping_status":"closed","template":"","meta":{"_joinchat":[],"footnotes":""},"class_list":["post-53731","page","type-page","status-publish","hentry"],"yoast_head":"<!-- This site is optimized with the Yoast SEO plugin v27.3 - https:\/\/yoast.com\/product\/yoast-seo-wordpress\/ -->\n<title>Avis juridique - ACL BOUTIQUE LEGAL<\/title>\n<meta name=\"robots\" content=\"noindex, follow\" \/>\n<meta property=\"og:locale\" content=\"fr_FR\" \/>\n<meta property=\"og:type\" content=\"article\" \/>\n<meta property=\"og:title\" content=\"Avis juridique - ACL BOUTIQUE LEGAL\" \/>\n<meta property=\"og:description\" content=\"INFORMATIONS G\u00c9N\u00c9RALES SUR LE PRESTATAIRE DE SERVICES Conform\u00e9ment \u00e0 l&#8217;article 10 de la loi 34\/2002 du 11 juillet relative aux...\" \/>\n<meta property=\"og:url\" content=\"https:\/\/aclboutiquelegal.com\/fr\/avis-juridique\/\" \/>\n<meta property=\"og:site_name\" content=\"ACL BOUTIQUE LEGAL\" \/>\n<meta property=\"article:modified_time\" content=\"2025-12-17T08:45:42+00:00\" \/>\n<meta name=\"twitter:card\" content=\"summary_large_image\" \/>\n<meta name=\"twitter:label1\" content=\"Dur\u00e9e de lecture estim\u00e9e\" \/>\n\t<meta name=\"twitter:data1\" content=\"4 minutes\" \/>\n<script type=\"application\/ld+json\" class=\"yoast-schema-graph\">{\"@context\":\"https:\\\/\\\/schema.org\",\"@graph\":[{\"@type\":\"WebPage\",\"@id\":\"https:\\\/\\\/aclboutiquelegal.com\\\/fr\\\/avis-juridique\\\/\",\"url\":\"https:\\\/\\\/aclboutiquelegal.com\\\/fr\\\/avis-juridique\\\/\",\"name\":\"Avis juridique - ACL BOUTIQUE LEGAL\",\"isPartOf\":{\"@id\":\"https:\\\/\\\/aclboutiquelegal.com\\\/fr\\\/#website\"},\"datePublished\":\"2025-10-20T08:24:07+00:00\",\"dateModified\":\"2025-12-17T08:45:42+00:00\",\"breadcrumb\":{\"@id\":\"https:\\\/\\\/aclboutiquelegal.com\\\/fr\\\/avis-juridique\\\/#breadcrumb\"},\"inLanguage\":\"fr-FR\",\"potentialAction\":[{\"@type\":\"ReadAction\",\"target\":[\"https:\\\/\\\/aclboutiquelegal.com\\\/fr\\\/avis-juridique\\\/\"]}]},{\"@type\":\"BreadcrumbList\",\"@id\":\"https:\\\/\\\/aclboutiquelegal.com\\\/fr\\\/avis-juridique\\\/#breadcrumb\",\"itemListElement\":[{\"@type\":\"ListItem\",\"position\":1,\"name\":\"Portada\",\"item\":\"https:\\\/\\\/aclboutiquelegal.com\\\/fr\\\/home\\\/\"},{\"@type\":\"ListItem\",\"position\":2,\"name\":\"Avis juridique\"}]},{\"@type\":\"WebSite\",\"@id\":\"https:\\\/\\\/aclboutiquelegal.com\\\/fr\\\/#website\",\"url\":\"https:\\\/\\\/aclboutiquelegal.com\\\/fr\\\/\",\"name\":\"ACL BOUTIQUE LEGAL\",\"description\":\"\",\"potentialAction\":[{\"@type\":\"SearchAction\",\"target\":{\"@type\":\"EntryPoint\",\"urlTemplate\":\"https:\\\/\\\/aclboutiquelegal.com\\\/fr\\\/?s={search_term_string}\"},\"query-input\":{\"@type\":\"PropertyValueSpecification\",\"valueRequired\":true,\"valueName\":\"search_term_string\"}}],\"inLanguage\":\"fr-FR\"}]}<\/script>\n<!-- \/ Yoast SEO plugin. -->","yoast_head_json":{"title":"Avis juridique - ACL BOUTIQUE LEGAL","robots":{"index":"noindex","follow":"follow"},"og_locale":"fr_FR","og_type":"article","og_title":"Avis juridique - ACL BOUTIQUE LEGAL","og_description":"INFORMATIONS G\u00c9N\u00c9RALES SUR LE PRESTATAIRE DE SERVICES Conform\u00e9ment \u00e0 l&#8217;article 10 de la loi 34\/2002 du 11 juillet relative aux...","og_url":"https:\/\/aclboutiquelegal.com\/fr\/avis-juridique\/","og_site_name":"ACL BOUTIQUE LEGAL","article_modified_time":"2025-12-17T08:45:42+00:00","twitter_card":"summary_large_image","twitter_misc":{"Dur\u00e9e de lecture estim\u00e9e":"4 minutes"},"schema":{"@context":"https:\/\/schema.org","@graph":[{"@type":"WebPage","@id":"https:\/\/aclboutiquelegal.com\/fr\/avis-juridique\/","url":"https:\/\/aclboutiquelegal.com\/fr\/avis-juridique\/","name":"Avis juridique - ACL BOUTIQUE LEGAL","isPartOf":{"@id":"https:\/\/aclboutiquelegal.com\/fr\/#website"},"datePublished":"2025-10-20T08:24:07+00:00","dateModified":"2025-12-17T08:45:42+00:00","breadcrumb":{"@id":"https:\/\/aclboutiquelegal.com\/fr\/avis-juridique\/#breadcrumb"},"inLanguage":"fr-FR","potentialAction":[{"@type":"ReadAction","target":["https:\/\/aclboutiquelegal.com\/fr\/avis-juridique\/"]}]},{"@type":"BreadcrumbList","@id":"https:\/\/aclboutiquelegal.com\/fr\/avis-juridique\/#breadcrumb","itemListElement":[{"@type":"ListItem","position":1,"name":"Portada","item":"https:\/\/aclboutiquelegal.com\/fr\/home\/"},{"@type":"ListItem","position":2,"name":"Avis juridique"}]},{"@type":"WebSite","@id":"https:\/\/aclboutiquelegal.com\/fr\/#website","url":"https:\/\/aclboutiquelegal.com\/fr\/","name":"ACL BOUTIQUE LEGAL","description":"","potentialAction":[{"@type":"SearchAction","target":{"@type":"EntryPoint","urlTemplate":"https:\/\/aclboutiquelegal.com\/fr\/?s={search_term_string}"},"query-input":{"@type":"PropertyValueSpecification","valueRequired":true,"valueName":"search_term_string"}}],"inLanguage":"fr-FR"}]}},"_links":{"self":[{"href":"https:\/\/aclboutiquelegal.com\/fr\/wp-json\/wp\/v2\/pages\/53731","targetHints":{"allow":["GET"]}}],"collection":[{"href":"https:\/\/aclboutiquelegal.com\/fr\/wp-json\/wp\/v2\/pages"}],"about":[{"href":"https:\/\/aclboutiquelegal.com\/fr\/wp-json\/wp\/v2\/types\/page"}],"author":[{"embeddable":true,"href":"https:\/\/aclboutiquelegal.com\/fr\/wp-json\/wp\/v2\/users\/1"}],"replies":[{"embeddable":true,"href":"https:\/\/aclboutiquelegal.com\/fr\/wp-json\/wp\/v2\/comments?post=53731"}],"version-history":[{"count":1,"href":"https:\/\/aclboutiquelegal.com\/fr\/wp-json\/wp\/v2\/pages\/53731\/revisions"}],"predecessor-version":[{"id":53732,"href":"https:\/\/aclboutiquelegal.com\/fr\/wp-json\/wp\/v2\/pages\/53731\/revisions\/53732"}],"wp:attachment":[{"href":"https:\/\/aclboutiquelegal.com\/fr\/wp-json\/wp\/v2\/media?parent=53731"}],"curies":[{"name":"wp","href":"https:\/\/api.w.org\/{rel}","templated":true}]}}