
{"id":53838,"date":"2025-10-14T16:28:00","date_gmt":"2025-10-14T14:28:00","guid":{"rendered":"https:\/\/aclboutiquelegal.com\/privacy-policy\/"},"modified":"2025-12-17T15:59:17","modified_gmt":"2025-12-17T14:59:17","slug":"privacy-policy","status":"publish","type":"page","link":"https:\/\/aclboutiquelegal.com\/en\/privacy-policy\/","title":{"rendered":"Privacy Policy"},"content":{"rendered":"\t\t<div data-elementor-type=\"wp-page\" data-elementor-id=\"53838\" class=\"elementor elementor-53838 elementor-3\" data-elementor-post-type=\"page\">\n\t\t\t\t<div class=\"elementor-element elementor-element-63f069f1 e-flex e-con-boxed e-con e-parent\" data-id=\"63f069f1\" data-element_type=\"container\" data-e-type=\"container\">\n\t\t\t\t\t<div class=\"e-con-inner\">\n\t\t\t\t\t<\/div>\n\t\t\t\t<\/div>\n\t\t<div class=\"elementor-element elementor-element-64b24aa e-flex e-con-boxed e-con e-parent\" data-id=\"64b24aa\" data-element_type=\"container\" data-e-type=\"container\">\n\t\t\t\t\t<div class=\"e-con-inner\">\n\t\t\t\t<div class=\"elementor-element elementor-element-e3177b0 elementor-widget elementor-widget-text-editor\" data-id=\"e3177b0\" data-element_type=\"widget\" data-e-type=\"widget\" data-widget_type=\"text-editor.default\">\n\t\t\t\t\t\t\t\t\t<p><strong>Last updated: 8\/12\/2025<\/strong><\/p><p><strong>Introducci\u00f3n<\/strong><\/p><p>Welcome to the website aclboutiquelegal.com. Your privacy is of utmost importance to us. Through this Privacy Policy, we inform you clearly and transparently about what personal data we collect, how we process it, and your rights, in compliance with Regulation (EU) 2016\/679 (GDPR) and Organic Law 3\/2018 (LOPDGDD).  <\/p><p>Access to and use of this website implies full and unreserved acceptance of this policy.<br><br><\/p><ol><li><strong> Data Controller<\/strong><\/li><\/ol><p>The person responsible for processing your personal data is:<br>Data Controller: Ana Casta\u00f1o L\u00f3pez.<br>Tax ID: 70880930J.<br>Business Name: ACL Boutique Legal.<br>Professional Address: Calle Tenor Vi\u00f1as, 4-6, 3\u00ba-2\u00aa. 08021. Barcelona. <br>Email: <br><a href=\"mailto:info@t4o.d12.myftpupload.com\">info@t4o.d12.myftpupload.com<\/a>.<br>Phone: 9<a href=\"tel:931%20820%20179\">31 820 179<\/a>\/ 671 377 204. <br>Bar Association Details: Member No. 2,971 ICASBD.<br>Academic Qualification: Law Degree from the University of Salamanca.<br>Applicable Professional Regulations: Professional activity is governed by the General Statute of the Spanish Legal Profession and the Code of Ethics for Lawyers.<br><br><\/p><ol start=\"2\"><li><strong> Principles Applicable to Data Processing<\/strong><\/li><\/ol><p>In processing your personal data, we will apply the following principles, in accordance with the requirements of the GDPR:<\/p><ul><li><strong>Lawfulness, fairness and transparency<\/strong>: We will always require your consent to process your data for one or more specific purposes, which we will inform you of beforehand with absolute transparency.<\/li><li><strong>Data minimization<\/strong>: We will only request the data that is strictly necessary in relation to the purposes for which we require it.<\/li><li><strong>Limitation of the retention period<\/strong>: The data will be kept for no longer than is necessary for the purposes of the processing.<\/li><li><strong>Integrity and confidentiality<\/strong>: Your data will be processed in such a way as to ensure adequate security and guarantee its confidentiality, as established in <a href=\"https:\/\/boe.es\/buscar\/act.php?id=BOE-A-2018-16673#a5\">Article 5. Duty of confidentiality.<\/a><br><br><\/li><\/ul><ol start=\"3\"><li><strong> Purpose of Processing Personal Data<\/strong><\/li><\/ol><p>We collect and process your personal data for the following purposes:<\/p><ol><li><strong>Contact Form:<\/strong><ul><li><strong>Data collected:<\/strong> Name, email address, phone number (optional) and the content of your message.<\/li><li><strong>Purpose<\/strong>: To manage and respond to inquiries, requests for information or petitions that you make through the contact form.<\/li><\/ul><\/li><li><strong>Newsletter Subscription:<\/strong><ul><li><strong>Data collected:<\/strong> Email address.<\/li><li><strong>Purpose<\/strong>: To send you periodic communications, current legal news, blog articles, and advertising about our services, provided we have your explicit consent.o.<\/li><\/ul><\/li><li><strong>Professional Relationship Management:<\/strong><ul><li><strong>Data collected<\/strong>: Identification, contact and financial data necessary for the provision of the service.<\/li><li><strong>Purpose:<\/strong> To manage the pre-contractual and\/or contractual relationship if you request our legal services, including the preparation of budgets, the provision of legal advice and the corresponding invoicing.<\/li><\/ul><\/li><li><strong>Browsing Data (Cookies):<\/strong><ul><li><strong>Purpose<\/strong>: To improve your user experience, analyze website traffic, and ensure its proper functioning. For more information, please see our Cookie Policy. <br><br><\/li><\/ul><\/li><\/ol><ol start=\"4\"><li><strong> Legal Basis for the Processing<\/strong><\/li><\/ol><p>The processing of your data is based on the following legal grounds:<\/p><ul><li><strong>Data subject consent (Art. 6.1.a GDPR)<\/strong>: To respond to your inquiries through the contact form and to send you our newsletter. You may withdraw your consent at any time. <\/li><li><strong>Application of pre-contractual measures or execution of a contract (art. 6.1.b GDPR)<\/strong>: For the management of the legal services you request from us.<\/li><li><strong>Compliance with a legal obligation (art. 6.1.c GDPR)<\/strong>: To comply with tax, fiscal and other legally required obligations.<\/li><li><strong>Legitimate interest (art. 6.1.f GDPR)<\/strong>: To maintain professional relationships, protected under <a href=\"https:\/\/boe.es\/buscar\/act.php?id=BOE-A-2018-16673#a1-11\">Article 19. Processing of contact data of individual entrepreneurs and liberal professionals.<\/a><br><br><\/li><\/ul><ol start=\"5\"><li><strong> Data Retention Period<\/strong><\/li><\/ol><p>We will retain your personal data only for as long as necessary to fulfill the purpose for which it was collected:<\/p><ul><li>The <strong>query <\/strong>data will be kept until the final resolution of the queries.<\/li><li><strong>Customer <\/strong>data will be kept for the duration of the professional relationship and, once it has ended, for the legal periods of limitation of liabilities (tax, civil, etc.).<\/li><li>Data for sending <strong>commercial communications<\/strong> will be kept until you revoke your consent.<br><br><\/li><\/ul><ol start=\"6\"><li><strong> Data Recipients<\/strong><\/li><\/ol><p>We will not share your personal data with third parties, unless there is a legal obligation to do so (for example, to the Tax Administration or to Courts and Tribunals).<\/p><p>However, for the proper provision of the service, third-party providers (data processors) may need access to your data, for example:<\/p><ul><li>Web hosting providers.<\/li><li>Tax and accounting advice.<\/li><li>Email marketing platforms.<\/li><\/ul><p>They have all signed the corresponding data processing agreements, guaranteeing compliance with the regulations.<br><br><\/p><ol start=\"7\"><li><strong> Rights of Interested Parties<\/strong><\/li><\/ol><p>You can exercise the following rights at any time:<\/p><ul><li><strong>Access<\/strong>: Request what personal data we have about you.<\/li><li><strong>Rectification<\/strong>: Requesting the correction of inaccurate data.<\/li><li><strong>Deletion<\/strong>: Request the deletion of your data when, among other reasons, it is no longer necessary for the purposes for which it was collected.<\/li><li><strong>Objection<\/strong>: To object to the processing of your data.<\/li><li><strong>Restriction of processing<\/strong>: Request the restriction of the processing of your data in certain circumstances.<\/li><li><strong>Portability<\/strong>: To receive your personal data in a structured, commonly used and machine-readable format.<\/li><\/ul><p>To exercise these rights, you can send a request by email to <a href=\"mailto:info@t4o.d12.myftpupload.com\">info@t4o.d12.myftpupload.com<\/a> indicating your name, surnames and attaching a photocopy of your ID card or equivalent document.<br><br><\/p><ol start=\"8\"><li><strong> Security Measures<\/strong><\/li><\/ol><p>I have adopted all the necessary technical and organizational measures to guarantee the security and integrity of the personal data I process, and to prevent its loss, alteration and\/or access by unauthorized third parties.<br><br><\/p><ol start=\"9\"><li><strong> Changes to the Privacy Policy<\/strong><\/li><\/ol><p>I reserve the right to modify this policy to adapt it to new legislation or case law. Any modifications will be duly published on this website. Users will be informed of any substantial changes that affect the purposes of data processing or their rights.  <br><br><\/p><ol start=\"10\"><li><strong> Complaints to the Supervisory Authority<\/strong><\/li><\/ol><p>Si consideras que el tratamiento de tus datos personales infringe la normativa, tienes derecho a presentar una reclamaci\u00f3n ante la autoridad de control competente, en este caso, la Agencia Espa\u00f1ola de Protecci\u00f3n de Datos (AEPD), a trav\u00e9s de su sede electr\u00f3nica o en su domicilio.<\/p>\t\t\t\t\t\t\t\t<\/div>\n\t\t\t\t\t<\/div>\n\t\t\t\t<\/div>\n\t\t\t\t<\/div>\n\t\t","protected":false},"excerpt":{"rendered":"<p>Last updated: 8\/12\/2025 Introducci\u00f3n Welcome to the website aclboutiquelegal.com. Your privacy is of utmost importance to us. Through this Privacy&#8230;<\/p>\n","protected":false},"author":1,"featured_media":0,"parent":0,"menu_order":0,"comment_status":"closed","ping_status":"closed","template":"","meta":{"_joinchat":[],"footnotes":""},"class_list":["post-53838","page","type-page","status-publish","hentry"],"yoast_head":"<!-- This site is optimized with the Yoast SEO plugin v27.3 - https:\/\/yoast.com\/product\/yoast-seo-wordpress\/ -->\n<title>Privacy Policy - ACL BOUTIQUE LEGAL<\/title>\n<meta name=\"robots\" content=\"noindex, follow\" \/>\n<meta property=\"og:locale\" content=\"en_US\" \/>\n<meta property=\"og:type\" content=\"article\" \/>\n<meta property=\"og:title\" content=\"Privacy Policy - ACL BOUTIQUE LEGAL\" \/>\n<meta property=\"og:description\" content=\"Last updated: 8\/12\/2025 Introducci\u00f3n Welcome to the website aclboutiquelegal.com. Your privacy is of utmost importance to us. Through this Privacy...\" \/>\n<meta property=\"og:url\" content=\"https:\/\/aclboutiquelegal.com\/en\/privacy-policy\/\" \/>\n<meta property=\"og:site_name\" content=\"ACL BOUTIQUE LEGAL\" \/>\n<meta property=\"article:modified_time\" content=\"2025-12-17T14:59:17+00:00\" \/>\n<meta name=\"twitter:card\" content=\"summary_large_image\" \/>\n<meta name=\"twitter:label1\" content=\"Est. reading time\" \/>\n\t<meta name=\"twitter:data1\" content=\"5 minutes\" \/>\n<script type=\"application\/ld+json\" class=\"yoast-schema-graph\">{\"@context\":\"https:\\\/\\\/schema.org\",\"@graph\":[{\"@type\":\"WebPage\",\"@id\":\"https:\\\/\\\/aclboutiquelegal.com\\\/en\\\/privacy-policy\\\/\",\"url\":\"https:\\\/\\\/aclboutiquelegal.com\\\/en\\\/privacy-policy\\\/\",\"name\":\"Privacy Policy - ACL BOUTIQUE LEGAL\",\"isPartOf\":{\"@id\":\"https:\\\/\\\/aclboutiquelegal.com\\\/en\\\/#website\"},\"datePublished\":\"2025-10-14T14:28:00+00:00\",\"dateModified\":\"2025-12-17T14:59:17+00:00\",\"breadcrumb\":{\"@id\":\"https:\\\/\\\/aclboutiquelegal.com\\\/en\\\/privacy-policy\\\/#breadcrumb\"},\"inLanguage\":\"en-US\",\"potentialAction\":[{\"@type\":\"ReadAction\",\"target\":[\"https:\\\/\\\/aclboutiquelegal.com\\\/en\\\/privacy-policy\\\/\"]}]},{\"@type\":\"BreadcrumbList\",\"@id\":\"https:\\\/\\\/aclboutiquelegal.com\\\/en\\\/privacy-policy\\\/#breadcrumb\",\"itemListElement\":[{\"@type\":\"ListItem\",\"position\":1,\"name\":\"Portada\",\"item\":\"https:\\\/\\\/aclboutiquelegal.com\\\/en\\\/home\\\/\"},{\"@type\":\"ListItem\",\"position\":2,\"name\":\"Privacy Policy\"}]},{\"@type\":\"WebSite\",\"@id\":\"https:\\\/\\\/aclboutiquelegal.com\\\/en\\\/#website\",\"url\":\"https:\\\/\\\/aclboutiquelegal.com\\\/en\\\/\",\"name\":\"ACL BOUTIQUE LEGAL\",\"description\":\"\",\"potentialAction\":[{\"@type\":\"SearchAction\",\"target\":{\"@type\":\"EntryPoint\",\"urlTemplate\":\"https:\\\/\\\/aclboutiquelegal.com\\\/en\\\/?s={search_term_string}\"},\"query-input\":{\"@type\":\"PropertyValueSpecification\",\"valueRequired\":true,\"valueName\":\"search_term_string\"}}],\"inLanguage\":\"en-US\"}]}<\/script>\n<!-- \/ Yoast SEO plugin. -->","yoast_head_json":{"title":"Privacy Policy - ACL BOUTIQUE LEGAL","robots":{"index":"noindex","follow":"follow"},"og_locale":"en_US","og_type":"article","og_title":"Privacy Policy - ACL BOUTIQUE LEGAL","og_description":"Last updated: 8\/12\/2025 Introducci\u00f3n Welcome to the website aclboutiquelegal.com. Your privacy is of utmost importance to us. Through this Privacy...","og_url":"https:\/\/aclboutiquelegal.com\/en\/privacy-policy\/","og_site_name":"ACL BOUTIQUE LEGAL","article_modified_time":"2025-12-17T14:59:17+00:00","twitter_card":"summary_large_image","twitter_misc":{"Est. reading time":"5 minutes"},"schema":{"@context":"https:\/\/schema.org","@graph":[{"@type":"WebPage","@id":"https:\/\/aclboutiquelegal.com\/en\/privacy-policy\/","url":"https:\/\/aclboutiquelegal.com\/en\/privacy-policy\/","name":"Privacy Policy - ACL BOUTIQUE LEGAL","isPartOf":{"@id":"https:\/\/aclboutiquelegal.com\/en\/#website"},"datePublished":"2025-10-14T14:28:00+00:00","dateModified":"2025-12-17T14:59:17+00:00","breadcrumb":{"@id":"https:\/\/aclboutiquelegal.com\/en\/privacy-policy\/#breadcrumb"},"inLanguage":"en-US","potentialAction":[{"@type":"ReadAction","target":["https:\/\/aclboutiquelegal.com\/en\/privacy-policy\/"]}]},{"@type":"BreadcrumbList","@id":"https:\/\/aclboutiquelegal.com\/en\/privacy-policy\/#breadcrumb","itemListElement":[{"@type":"ListItem","position":1,"name":"Portada","item":"https:\/\/aclboutiquelegal.com\/en\/home\/"},{"@type":"ListItem","position":2,"name":"Privacy Policy"}]},{"@type":"WebSite","@id":"https:\/\/aclboutiquelegal.com\/en\/#website","url":"https:\/\/aclboutiquelegal.com\/en\/","name":"ACL BOUTIQUE LEGAL","description":"","potentialAction":[{"@type":"SearchAction","target":{"@type":"EntryPoint","urlTemplate":"https:\/\/aclboutiquelegal.com\/en\/?s={search_term_string}"},"query-input":{"@type":"PropertyValueSpecification","valueRequired":true,"valueName":"search_term_string"}}],"inLanguage":"en-US"}]}},"_links":{"self":[{"href":"https:\/\/aclboutiquelegal.com\/en\/wp-json\/wp\/v2\/pages\/53838","targetHints":{"allow":["GET"]}}],"collection":[{"href":"https:\/\/aclboutiquelegal.com\/en\/wp-json\/wp\/v2\/pages"}],"about":[{"href":"https:\/\/aclboutiquelegal.com\/en\/wp-json\/wp\/v2\/types\/page"}],"author":[{"embeddable":true,"href":"https:\/\/aclboutiquelegal.com\/en\/wp-json\/wp\/v2\/users\/1"}],"replies":[{"embeddable":true,"href":"https:\/\/aclboutiquelegal.com\/en\/wp-json\/wp\/v2\/comments?post=53838"}],"version-history":[{"count":11,"href":"https:\/\/aclboutiquelegal.com\/en\/wp-json\/wp\/v2\/pages\/53838\/revisions"}],"predecessor-version":[{"id":53849,"href":"https:\/\/aclboutiquelegal.com\/en\/wp-json\/wp\/v2\/pages\/53838\/revisions\/53849"}],"wp:attachment":[{"href":"https:\/\/aclboutiquelegal.com\/en\/wp-json\/wp\/v2\/media?parent=53838"}],"curies":[{"name":"wp","href":"https:\/\/api.w.org\/{rel}","templated":true}]}}