
{"id":54146,"date":"2025-10-20T10:24:22","date_gmt":"2025-10-20T08:24:22","guid":{"rendered":"https:\/\/aclboutiquelegal.com\/politica-de-cookies\/"},"modified":"2026-01-09T16:02:54","modified_gmt":"2026-01-09T15:02:54","slug":"politica-de-cookies","status":"publish","type":"page","link":"https:\/\/aclboutiquelegal.com\/ca\/politica-de-cookies\/","title":{"rendered":"Pol\u00edtica de cookies"},"content":{"rendered":"\t\t<div data-elementor-type=\"wp-page\" data-elementor-id=\"54146\" class=\"elementor elementor-54146 elementor-52398\" data-elementor-post-type=\"page\">\n\t\t\t\t<div class=\"elementor-element elementor-element-63f069f1 e-flex e-con-boxed e-con e-parent\" data-id=\"63f069f1\" data-element_type=\"container\" data-e-type=\"container\">\n\t\t\t\t\t<div class=\"e-con-inner\">\n\t\t\t\t\t<\/div>\n\t\t\t\t<\/div>\n\t\t<div class=\"elementor-element elementor-element-38fb354 e-flex e-con-boxed e-con e-parent\" data-id=\"38fb354\" data-element_type=\"container\" data-e-type=\"container\">\n\t\t\t\t\t<div class=\"e-con-inner\">\n\t\t\t\t<div class=\"elementor-element elementor-element-649295c elementor-widget elementor-widget-text-editor\" data-id=\"649295c\" data-element_type=\"widget\" data-e-type=\"widget\" data-widget_type=\"text-editor.default\">\n\t\t\t\t\t\t\t\t\t<p><strong>Darrera actualitzaci\u00f3: 08\/12\/2025<\/strong><\/p><ol><li><b> Qu\u00e8 s\u00f3n les cookies?<\/b><span style=\"color: #333333;\"><b><br><\/b><\/span>Aquest portal web, el titular del qual \u00e9s ANA CASTA\u00d1O L\u00d3PEZ. Nom comercial: ACL BOUTIQUE LEGAL (d&#8217;ara endavant, &#8220;la Titular&#8221;), utilitza cookies i\/o tecnologies similars que emmagatzemen i recuperen informaci\u00f3 quan navegues. Una galeta \u00e9s un petit fitxer de text que s&#8217;emmagatzema al vostre navegador quan visites gaireb\u00e9 qualsevol p\u00e0gina web.  <\/li><\/ol><p>En general, aquestes tecnologies poden servir per a finalitats molt diverses, com ara recon\u00e8ixer-te com a usuari, obtenir informaci\u00f3 sobre els teus h\u00e0bits de navegaci\u00f3, o personalitzar la manera com es mostra el contingut. Els usos concrets que fem daquestes tecnologies es descriuen a continuaci\u00f3. <br><br><\/p><ol start=\"2\"><li><b> Informaci\u00f3 i Obtenci\u00f3 del Consentiment<\/b><span style=\"color: #333333;\"><b><br><\/b><\/span>En accedir per primera vegada al nostre portal web, es mostrar\u00e0 un banner informatiu sobre l&#8217;\u00fas de cookies que et permetr\u00e0 gestionar les teves prefer\u00e8ncies. La informaci\u00f3 es presenta en dues capes: <\/li><\/ol><ul><li><strong>Primera capa (Banner d&#8217;av\u00eds<\/strong>): Ofereix informaci\u00f3 essencial sobre l&#8217;exist\u00e8ncia de cookies, indicant si s\u00f3n pr\u00f2pies o de tercers, les finalitats i proporcionant un enlla\u00e7 a aquesta pol\u00edtica. Inclou botons clarament visibles per a: <ul><li><strong>Acceptar-les totes<\/strong>: Per consentir l&#8217;\u00fas de totes les galetes.<\/li><li><strong>Rebutjar totes<\/strong>: Per rebutjar totes les galetes no essencials.<\/li><li><strong>Configurar<\/strong>: Per accedir a un panell on podr\u00e0s seleccionar de forma granular quines galetes permets.<\/li><\/ul><\/li><li><strong>Segona capa (Aquesta Pol\u00edtica de Cookies)<\/strong>: Ofereix informaci\u00f3 detallada sobre qu\u00e8 s\u00f3n les galetes, quins tipus utilitzem, la seva finalitat, durada i com gestionar-les.<\/li><\/ul><p>L&#8217;\u00fas de cookies estrictament necess\u00e0ries (t\u00e8cniques) no requereix el vostre consentiment. Per a totes les altres, sol\u00b7licitarem el teu consentiment expr\u00e9s abans de la seva instal\u00b7laci\u00f3. <br><br><\/p><ol start=\"3\"><li> <b>Tipus de cookies que utilitza aquest portal web<\/b><br>Aquest portal web utilitza els seg\u00fcents tipus de cookies:<\/li><\/ol><ul><li><strong>Cookies t\u00e9cnicas o necesarias:<\/strong> Son aquellas imprescindibles para que el sitio web funcione correctamente. Permiten la navegaci\u00f3n a trav\u00e9s del portal y la utilizaci\u00f3n de sus diferentes opciones o servicios, como controlar el tr\u00e1fico y la comunicaci\u00f3n de datos o identificar la sesi\u00f3n. Estas cookies est\u00e1n exentas del deber de obtener consentimiento.  <\/li><li><strong>Galetes de prefer\u00e8ncia o personalitzaci\u00f3<\/strong>: Permeten recordar informaci\u00f3 perqu\u00e8 accedeixis al servei amb determinades caracter\u00edstiques que poden diferenciar la teva experi\u00e8ncia de la d&#8217;altres usuaris, com ara l&#8217;idioma.<\/li><li><strong>Cookies d&#8217;an\u00e0lisi o mesurament<\/strong>: S\u00f3n aquelles que, tractades per nosaltres o per tercers, ens permeten quantificar el nombre d&#8217;usuaris i aix\u00ed realitzar el mesurament i l&#8217;an\u00e0lisi estad\u00edstica de la utilitzaci\u00f3 que fan del servei ofert. Per aix\u00f2 s&#8217;analitza la vostra navegaci\u00f3 a la nostra p\u00e0gina web per tal de millorar l&#8217;oferta de productes o serveis que us oferim. <\/li><li><strong>Cookies de publicitat comportamental<\/strong>: S\u00f3n aquelles que, tractades per nosaltres o per tercers, emmagatzemen informaci\u00f3 del comportament dels usuaris obtinguda a trav\u00e9s de l&#8217;observaci\u00f3 continuada dels seus h\u00e0bits de navegaci\u00f3, cosa que permet desenvolupar un perfil espec\u00edfic per mostrar publicitat en funci\u00f3 del mateix.<br><br><\/li><\/ul><ol start=\"4\"><li><b> Cookies de Tercers i Transfer\u00e8ncies Internacionals<\/b><span style=\"color: #333333;\"><b><br><\/b><\/span>Aquest portal pot utilitzar serveis de tercers (com Google Analytics) que recopilaran informaci\u00f3 amb finalitats estad\u00edstiques. Aquests tercers poden instal\u00b7lar les seves pr\u00f2pies cookies, que estan fora del nostre control. <\/li><\/ol><p>L&#8217;\u00fas d&#8217;algunes cookies pot suposar una transfer\u00e8ncia de dades a tercers pa\u00efsos. Pots informar-te de les transfer\u00e8ncies a tercers pa\u00efsos que, si escau, realitzen els tercers identificats en aquesta pol\u00edtica en les seves pol\u00edtiques corresponents (veure els enlla\u00e7os facilitats a la secci\u00f3 de cada prove\u00efdor). <br><br><\/p><ol start=\"5\"><li><b> Com gestionar, deshabilitar i revocar el consentiment?<\/b><span style=\"color: #333333;\"><b><br><\/b><\/span>Pots gestionar les teves prefer\u00e8ncies sobre cookies en qualsevol moment. Tens dret a retirar el teu consentiment quan vulguis. <\/li><\/ol><ol><li><strong>A trav\u00e9s del panell de configuraci\u00f3<\/strong>: Pots tornar a accedir al panell de configuraci\u00f3 de cookies a trav\u00e9s de l&#8217;enlla\u00e7 permanent que trobar\u00e0s al peu de p\u00e0gina del nostre lloc web per modificar les teves prefer\u00e8ncies.<\/li><li><strong>A trav\u00e9s de la configuraci\u00f3 del vostre navegador<\/strong>: La majoria dels navegadors web permeten gestionar les prefer\u00e8ncies de cookies. Pots ajustar el teu navegador perqu\u00e8 rebutgi galetes o elimini determinades galetes. A continuaci\u00f3, us facilitem els enlla\u00e7os a les guies dels principals navegadors:  <ul><li><strong>Google Chrome:<\/strong> <a href=\"https:\/\/support.google.com\/chrome\/answer\/95647\">https:\/\/support.google.com\/chrome\/answer\/95647<\/a><\/li><li><strong>Mozilla Firefox:<\/strong> <a href=\"https:\/\/support.mozilla.org\/es\/kb\/habilitar-y-deshabilitar-cookies-sitios-web-rastrear-preferencias\">https:\/\/support.mozilla.org\/es\/kb\/habilitar-y-deshabilitar-cookies-sitios-web-rastrear-preferencias<\/a><\/li><li><strong>Microsoft Edge:<\/strong> <a href=\"https:\/\/support.microsoft.com\/es-es\/windows\/eliminar-y-administrar-cookies-168dab11-0753-043d-7c16-ede5947fc64d\">https:\/\/support.microsoft.com\/es-es\/windows\/eliminar-y-administrar-cookies-168dab11-0753-043d-7c16-ede5947fc64d<\/a><\/li><li><strong>Safari (macOS):<\/strong> <a href=\"https:\/\/support.apple.com\/es-es\/guide\/safari\/sfri11471\/mac\">https:\/\/support.apple.com\/es-es\/guide\/safari\/sfri11471\/mac<\/a><\/li><\/ul><\/li><\/ol><p>Tingues en compte que si decideixes bloquejar totes les cookies (incloses les t\u00e8cniques), \u00e9s possible que algunes parts del nostre lloc web no funcionin correctament.<br><br><\/p><ol start=\"6\"><li><b> Modificacions de la Pol\u00edtica de Cookies<\/b><span style=\"color: #333333;\"><b><br><\/b><\/span>La Titular es reserva el dret de modificar aquesta Pol\u00edtica de Cookies per adaptar-la a novetats legislatives o jurisprudencials. En cas de produir-se canvis significatius, s&#8217;informar\u00e0 els usuaris mitjan\u00e7ant un av\u00eds al portal web o mitjan\u00e7ant correu electr\u00f2nic perqu\u00e8 puguin revisar els canvis abans de continuar navegant. <br><br><\/li><\/ol><ol start=\"7\"><li> <b><strong>Contacte<\/strong><\/b><br>Si tens qualsevol dubte sobre aquesta Pol\u00edtica de Cookies, pots contactar a trav\u00e9s de les dades de contacte indicades a l&#8217;<a href=\"https:\/\/aclboutiquelegal.com\/ca\/avis-legal\/\">Av\u00eds Legal<\/a> i la <a href=\"https:\/\/aclboutiquelegal.com\/ca\/politica-de-privadesa\/\">Pol\u00edtica de Privadesa<\/a>.<\/li><\/ol>\t\t\t\t\t\t\t\t<\/div>\n\t\t\t\t\t<\/div>\n\t\t\t\t<\/div>\n\t\t\t\t<\/div>\n\t\t","protected":false},"excerpt":{"rendered":"<p>Darrera actualitzaci\u00f3: 08\/12\/2025 Qu\u00e8 s\u00f3n les cookies?Aquest portal web, el titular del qual \u00e9s ANA CASTA\u00d1O L\u00d3PEZ. Nom comercial: ACL&#8230;<\/p>\n","protected":false},"author":1,"featured_media":0,"parent":0,"menu_order":0,"comment_status":"closed","ping_status":"closed","template":"","meta":{"_joinchat":[],"footnotes":""},"class_list":["post-54146","page","type-page","status-publish","hentry"],"yoast_head":"<!-- This site is optimized with the Yoast SEO plugin v27.3 - https:\/\/yoast.com\/product\/yoast-seo-wordpress\/ -->\n<title>Pol\u00edtica de cookies - ACL BOUTIQUE LEGAL<\/title>\n<meta name=\"robots\" content=\"noindex, follow\" \/>\n<meta property=\"og:locale\" content=\"ca_ES\" \/>\n<meta property=\"og:type\" content=\"article\" \/>\n<meta property=\"og:title\" content=\"Pol\u00edtica de cookies - ACL BOUTIQUE LEGAL\" \/>\n<meta property=\"og:description\" content=\"Darrera actualitzaci\u00f3: 08\/12\/2025 Qu\u00e8 s\u00f3n les cookies?Aquest portal web, el titular del qual \u00e9s ANA CASTA\u00d1O L\u00d3PEZ. Nom comercial: ACL...\" \/>\n<meta property=\"og:url\" content=\"https:\/\/aclboutiquelegal.com\/ca\/politica-de-cookies\/\" \/>\n<meta property=\"og:site_name\" content=\"ACL BOUTIQUE LEGAL\" \/>\n<meta property=\"article:modified_time\" content=\"2026-01-09T15:02:54+00:00\" \/>\n<meta name=\"twitter:card\" content=\"summary_large_image\" \/>\n<meta name=\"twitter:label1\" content=\"Temps estimat de lectura\" \/>\n\t<meta name=\"twitter:data1\" content=\"4 minuts\" \/>\n<script type=\"application\/ld+json\" class=\"yoast-schema-graph\">{\"@context\":\"https:\\\/\\\/schema.org\",\"@graph\":[{\"@type\":\"WebPage\",\"@id\":\"https:\\\/\\\/aclboutiquelegal.com\\\/ca\\\/politica-de-cookies\\\/\",\"url\":\"https:\\\/\\\/aclboutiquelegal.com\\\/ca\\\/politica-de-cookies\\\/\",\"name\":\"Pol\u00edtica de cookies - ACL BOUTIQUE LEGAL\",\"isPartOf\":{\"@id\":\"https:\\\/\\\/aclboutiquelegal.com\\\/ca\\\/#website\"},\"datePublished\":\"2025-10-20T08:24:22+00:00\",\"dateModified\":\"2026-01-09T15:02:54+00:00\",\"breadcrumb\":{\"@id\":\"https:\\\/\\\/aclboutiquelegal.com\\\/ca\\\/politica-de-cookies\\\/#breadcrumb\"},\"inLanguage\":\"ca\",\"potentialAction\":[{\"@type\":\"ReadAction\",\"target\":[\"https:\\\/\\\/aclboutiquelegal.com\\\/ca\\\/politica-de-cookies\\\/\"]}]},{\"@type\":\"BreadcrumbList\",\"@id\":\"https:\\\/\\\/aclboutiquelegal.com\\\/ca\\\/politica-de-cookies\\\/#breadcrumb\",\"itemListElement\":[{\"@type\":\"ListItem\",\"position\":1,\"name\":\"Portada\",\"item\":\"https:\\\/\\\/aclboutiquelegal.com\\\/ca\\\/home\\\/\"},{\"@type\":\"ListItem\",\"position\":2,\"name\":\"Pol\u00edtica de cookies\"}]},{\"@type\":\"WebSite\",\"@id\":\"https:\\\/\\\/aclboutiquelegal.com\\\/ca\\\/#website\",\"url\":\"https:\\\/\\\/aclboutiquelegal.com\\\/ca\\\/\",\"name\":\"ACL BOUTIQUE LEGAL\",\"description\":\"\",\"potentialAction\":[{\"@type\":\"SearchAction\",\"target\":{\"@type\":\"EntryPoint\",\"urlTemplate\":\"https:\\\/\\\/aclboutiquelegal.com\\\/ca\\\/?s={search_term_string}\"},\"query-input\":{\"@type\":\"PropertyValueSpecification\",\"valueRequired\":true,\"valueName\":\"search_term_string\"}}],\"inLanguage\":\"ca\"}]}<\/script>\n<!-- \/ Yoast SEO plugin. -->","yoast_head_json":{"title":"Pol\u00edtica de cookies - ACL BOUTIQUE LEGAL","robots":{"index":"noindex","follow":"follow"},"og_locale":"ca_ES","og_type":"article","og_title":"Pol\u00edtica de cookies - ACL BOUTIQUE LEGAL","og_description":"Darrera actualitzaci\u00f3: 08\/12\/2025 Qu\u00e8 s\u00f3n les cookies?Aquest portal web, el titular del qual \u00e9s ANA CASTA\u00d1O L\u00d3PEZ. Nom comercial: ACL...","og_url":"https:\/\/aclboutiquelegal.com\/ca\/politica-de-cookies\/","og_site_name":"ACL BOUTIQUE LEGAL","article_modified_time":"2026-01-09T15:02:54+00:00","twitter_card":"summary_large_image","twitter_misc":{"Temps estimat de lectura":"4 minuts"},"schema":{"@context":"https:\/\/schema.org","@graph":[{"@type":"WebPage","@id":"https:\/\/aclboutiquelegal.com\/ca\/politica-de-cookies\/","url":"https:\/\/aclboutiquelegal.com\/ca\/politica-de-cookies\/","name":"Pol\u00edtica de cookies - ACL BOUTIQUE LEGAL","isPartOf":{"@id":"https:\/\/aclboutiquelegal.com\/ca\/#website"},"datePublished":"2025-10-20T08:24:22+00:00","dateModified":"2026-01-09T15:02:54+00:00","breadcrumb":{"@id":"https:\/\/aclboutiquelegal.com\/ca\/politica-de-cookies\/#breadcrumb"},"inLanguage":"ca","potentialAction":[{"@type":"ReadAction","target":["https:\/\/aclboutiquelegal.com\/ca\/politica-de-cookies\/"]}]},{"@type":"BreadcrumbList","@id":"https:\/\/aclboutiquelegal.com\/ca\/politica-de-cookies\/#breadcrumb","itemListElement":[{"@type":"ListItem","position":1,"name":"Portada","item":"https:\/\/aclboutiquelegal.com\/ca\/home\/"},{"@type":"ListItem","position":2,"name":"Pol\u00edtica de cookies"}]},{"@type":"WebSite","@id":"https:\/\/aclboutiquelegal.com\/ca\/#website","url":"https:\/\/aclboutiquelegal.com\/ca\/","name":"ACL BOUTIQUE LEGAL","description":"","potentialAction":[{"@type":"SearchAction","target":{"@type":"EntryPoint","urlTemplate":"https:\/\/aclboutiquelegal.com\/ca\/?s={search_term_string}"},"query-input":{"@type":"PropertyValueSpecification","valueRequired":true,"valueName":"search_term_string"}}],"inLanguage":"ca"}]}},"_links":{"self":[{"href":"https:\/\/aclboutiquelegal.com\/ca\/wp-json\/wp\/v2\/pages\/54146","targetHints":{"allow":["GET"]}}],"collection":[{"href":"https:\/\/aclboutiquelegal.com\/ca\/wp-json\/wp\/v2\/pages"}],"about":[{"href":"https:\/\/aclboutiquelegal.com\/ca\/wp-json\/wp\/v2\/types\/page"}],"author":[{"embeddable":true,"href":"https:\/\/aclboutiquelegal.com\/ca\/wp-json\/wp\/v2\/users\/1"}],"replies":[{"embeddable":true,"href":"https:\/\/aclboutiquelegal.com\/ca\/wp-json\/wp\/v2\/comments?post=54146"}],"version-history":[{"count":8,"href":"https:\/\/aclboutiquelegal.com\/ca\/wp-json\/wp\/v2\/pages\/54146\/revisions"}],"predecessor-version":[{"id":54283,"href":"https:\/\/aclboutiquelegal.com\/ca\/wp-json\/wp\/v2\/pages\/54146\/revisions\/54283"}],"wp:attachment":[{"href":"https:\/\/aclboutiquelegal.com\/ca\/wp-json\/wp\/v2\/media?parent=54146"}],"curies":[{"name":"wp","href":"https:\/\/api.w.org\/{rel}","templated":true}]}}